{"id":130,"date":"2014-05-24T10:43:54","date_gmt":"2014-05-24T10:43:54","guid":{"rendered":""},"modified":"2021-11-30T14:45:16","modified_gmt":"2021-11-30T14:45:16","slug":"ueber-uns","status":"publish","type":"page","link":"https:\/\/www.dorner-partner.de\/?page_id=130","title":{"rendered":"Profil"},"content":{"rendered":"<p>Die Architektengruppe dorner + partner besteht seit 1963 in Altensteig und Nagold.<br \/>\nBereits 1995 wurde das B\u00fcro um den Standort Potsdam erweitert.<br \/>\nWir befassen uns vorwiegend mit der Planung und Realisierung \u00f6ffentlicher Bauvorhaben wie<br \/>\n&#8211; Krankenh\u00e4user<br \/>\n&#8211; Rehabilitations-Kliniken<br \/>\n&#8211; Seniorenwohn- und -Pflegeeinrichtungen<br \/>\n&#8211; Einrichtungen (Werkst\u00e4tten) f\u00fcr behinderte Menschen<br \/>\n&#8211; Kinderg\u00e4rten<br \/>\n&#8211; Schulen, Berufsschulen, Berufsbildungszentren<br \/>\n&#8211; Sportanlagen (Sport-\/Schwimmhallen)<br \/>\n&#8211; Verwaltungszentren<br \/>\n&#8211; Banken<br \/>\n&#8211; Wohnanlagen<br \/>\nTeilweise basierend auf Wettbewerbserfolgen, darunter zahlreiche Auszeichnungen f\u00fcr beispielhafte Architektur.<\/p>\n<p>Die nachfolgenden Referenzen sind einzelne Beispiele aus einer Vielzahl von Projekten unserer \u00fcber 60-j\u00e4hrigen Firmengeschichte.<\/p>\n","protected":false},"excerpt":{"rendered":"<p>Die Architektengruppe dorner + partner besteht seit 1963 in Altensteig und Nagold. Bereits 1995 wurde das B\u00fcro um den Standort Potsdam erweitert. Wir befassen uns vorwiegend mit der Planung und Realisierung \u00f6ffentlicher Bauvorhaben wie &#8211; Krankenh\u00e4user &#8211; Rehabilitations-Kliniken &#8211; Seniorenwohn- und -Pflegeeinrichtungen &#8211; Einrichtungen (Werkst\u00e4tten) f\u00fcr behinderte Menschen &#8211; Kinderg\u00e4rten &#8211; Schulen, Berufsschulen, Berufsbildungszentren &#8211;..<\/p>\n","protected":false},"author":1,"featured_media":0,"parent":0,"menu_order":0,"comment_status":"closed","ping_status":"closed","template":"","meta":{"footnotes":""},"class_list":["post-130","page","type-page","status-publish","hentry"],"_links":{"self":[{"href":"https:\/\/www.dorner-partner.de\/index.php?rest_route=\/wp\/v2\/pages\/130","targetHints":{"allow":["GET"]}}],"collection":[{"href":"https:\/\/www.dorner-partner.de\/index.php?rest_route=\/wp\/v2\/pages"}],"about":[{"href":"https:\/\/www.dorner-partner.de\/index.php?rest_route=\/wp\/v2\/types\/page"}],"author":[{"embeddable":true,"href":"https:\/\/www.dorner-partner.de\/index.php?rest_route=\/wp\/v2\/users\/1"}],"replies":[{"embeddable":true,"href":"https:\/\/www.dorner-partner.de\/index.php?rest_route=%2Fwp%2Fv2%2Fcomments&post=130"}],"version-history":[{"count":7,"href":"https:\/\/www.dorner-partner.de\/index.php?rest_route=\/wp\/v2\/pages\/130\/revisions"}],"predecessor-version":[{"id":1906,"href":"https:\/\/www.dorner-partner.de\/index.php?rest_route=\/wp\/v2\/pages\/130\/revisions\/1906"}],"wp:attachment":[{"href":"https:\/\/www.dorner-partner.de\/index.php?rest_route=%2Fwp%2Fv2%2Fmedia&parent=130"}],"curies":[{"name":"wp","href":"https:\/\/api.w.org\/{rel}","templated":true}]}}